{"id":774,"date":"2018-08-28T15:03:43","date_gmt":"2018-08-28T13:03:43","guid":{"rendered":"http:\/\/ayitimizik.net\/?page_id=774"},"modified":"2026-02-15T20:32:22","modified_gmt":"2026-02-15T19:32:22","slug":"enregistrement-en-haiti","status":"publish","type":"page","link":"http:\/\/ayitimizik.net\/index.php\/informations-legales\/enregistrement-en-haiti\/","title":{"rendered":"ENREGISTREMENT EN HAITI"},"content":{"rendered":"\n<p class=\"has-text-color\" style=\"color:#a30003\">Ces informations sont fournies \u00e0 titre indicatif, sous r\u00e9serve de modifications par les institutions concern\u00e9es<\/p>\n\n\n\n<p><strong>MINISTERE DE LA CULTURE ET DE LA COMMUNICATION<\/strong><\/p>\n\n\n\n<p>Enregistrement des artistes et organisations culturelles au Minist\u00e8re de la Culture et de la Communication, Direction \u00e0 la Cr\u00e9ation Artistique et Litt\u00e9raire : consulter le site du Minist\u00e8re <a href=\"https:\/\/mcc.ht\/enregistrement-dcal\">ici<\/a><\/p>\n\n\n\n<p><strong>MINISTERE DU TRAVAIL ET DES AFFAIRES SOCIALES<\/strong><\/p>\n\n\n\n<p>Enregistrement des organisations culturelles sans but lucratif (association, coop\u00e9rative, fondation, ONG) au Minist\u00e8re du Travail et des Affaires Sociales<\/p>\n\n\n\n<p>Pi\u00e8ces demand\u00e9es (en date du 22 juin 2021)<\/p>\n\n\n\n<p><strong>1- Organisation<\/strong><\/p>\n\n\n\n<p>La Direction du Travail via le service des organisations sociales est l\u2019instance charg\u00e9e de l\u2019enregistrement et de la reconnaissance des organisations sociales.<\/p>\n\n\n\n<p>Pour obtenir cet enregistrement l\u00e9gal, les dirigeants de l\u2019organisation doivent soumettre les pi\u00e8ces suivantes&nbsp;:<\/p>\n\n\n\n<ol><li>Lettre de couverture (quatre originales)<\/li><li>L\u2019acte constitutif (double original)<\/li><li>Le proc\u00e8s-verbal (double original)<\/li><li>Les statuts (double original)<\/li><li>Copie des cartes d\u2019identit\u00e9s ou cartes d\u2019identification nationale de tous les membres du comit\u00e9 directeur<\/li><li>Certificat de bonne vie et m\u0153urs de tous les membres de la comite Directrice<\/li><li>Les frais d\u2019impression de l\u2019attestation (gds 600.00)<\/li><\/ol>\n\n\n\n<p><strong>I- Mod\u00e8le de lettre de couverture<\/strong><\/p>\n\n\n\n<p>Madame Guerline JEAN LOUIS, Juriste<\/p>\n\n\n\n<p>Directrice du travail<\/p>\n\n\n\n<p>En ses bureaux<\/p>\n\n\n\n<p>Madame la Directrice,<\/p>\n\n\n\n<p>Le comit\u00e9 Ex\u00e9cutif de l\u2019Association \u2026\u2026\u2026 vous pr\u00e9sente ses compliments et a l\u2019honneur de soumettre \u00e0 votre Direction le dossier complet de ladite association pour son enregistrement.<\/p>\n\n\n\n<p>Veuillez agr\u00e9er, Madame la Directrice, ses salutations distingu\u00e9es.<\/p>\n\n\n\n<p>Pour le comit\u00e9&nbsp;: X<\/p>\n\n\n\n<p><\/p>\n\n\n\n<p><strong>II- Mod\u00e8le d\u2019acte constitutif<\/strong><\/p>\n\n\n\n<p>Nous&nbsp; \u2026\u2026\u2026 membres fondateurs de \u2026\u2026\u2026, r\u00e9unis&nbsp; \u00e0&nbsp;\u2026\u2026\u2026, le \u2026\u2026\u2026, en vue de fonder une (association, organisation, mouvement) et de fait avons fond\u00e9 ladite\u2026\u2026\u2026avec pour objectif de&nbsp;\u2026\u2026\u2026<\/p>\n\n\n\n<p>Les membres fondateurs sont&nbsp;:<\/p>\n\n\n\n<p>Nom &amp; pr\u00e9nom&nbsp; &nbsp; &nbsp; &nbsp; &nbsp; &nbsp; &nbsp; &nbsp; &nbsp; &nbsp; &nbsp; &nbsp; &nbsp; &nbsp; &nbsp; NIF\/CIN&nbsp; &nbsp; &nbsp; &nbsp; &nbsp; &nbsp; &nbsp; &nbsp; &nbsp; &nbsp; &nbsp; &nbsp; &nbsp; &nbsp; &nbsp; &nbsp; &nbsp; Signature&nbsp; &nbsp; &nbsp; &nbsp; &nbsp; &nbsp; &nbsp;<\/p>\n\n\n\n<p>NB&nbsp;: l\u2019Acte constitutif doit comporter la signature d\u2019au moins 10 membres fondateurs.<\/p>\n\n\n\n<p><strong>III-Mod\u00e8le de proc\u00e8s-verbal<\/strong><\/p>\n\n\n\n<p>L\u2019An\u2026\u2026\u2026 et le \u2026\u2026\u2026, nous, membres fondateurs de l\u2019association, avons d\u00e9cid\u00e9 de fonder et de fait avons fond\u00e9 une association d\u00e9nomm\u00e9e&nbsp;: \u00ab&nbsp;\u2026\u2026\u2026&nbsp;\u00bb et ayant pour sigle \u2026\u2026\u2026.<\/p>\n\n\n\n<p>&nbsp;&nbsp; &nbsp; &nbsp; &nbsp; L\u2019objectif de l\u2019Association est de&nbsp;:\u2026\u2026\u2026<\/p>\n\n\n\n<p>Les membres pr\u00e9sents \u00e0 cette Assembl\u00e9e ont \u00e9lu un comit\u00e9 directeur avec pour mission de bien g\u00e9rer l\u2019Association.<\/p>\n\n\n\n<p>Le comit\u00e9 est compos\u00e9 des personnalit\u00e9s suivantes&nbsp;:<\/p>\n\n\n\n<p>&nbsp;&nbsp; Non &amp; pr\u00e9nom&nbsp; &nbsp; &nbsp; &nbsp; &nbsp; &nbsp; &nbsp; &nbsp; &nbsp; &nbsp; &nbsp; &nbsp; &nbsp; &nbsp; &nbsp; NIF\/CIN&nbsp; &nbsp; &nbsp; &nbsp; &nbsp; &nbsp; &nbsp; &nbsp; &nbsp; &nbsp; &nbsp; &nbsp; &nbsp; &nbsp; &nbsp; &nbsp; &nbsp; Signature&nbsp; &nbsp; &nbsp; &nbsp; &nbsp; &nbsp; &nbsp;<\/p>\n\n\n\n<p>NB&nbsp;: Il est recommand\u00e9 aux membres fondateurs des associations d\u2019\u00e9lire un comit\u00e9 directeur avec un membre impair en vue de mieux d\u00e9partager les voies lors des r\u00e9unions.<\/p>\n\n\n\n<p><strong>IV-Statut<\/strong><\/p>\n\n\n\n<p>Les statuts des associations comportent des chapitres divis\u00e9s&nbsp;en articles traitant au moins les sujets suivants&nbsp;:<\/p>\n\n\n\n<ol><li>Leur d\u00e9nomination distinctive, leur sigle, leur objet et leur dur\u00e9e&nbsp;;<\/li><li>Leur si\u00e8ge social, c\u2019est-\u00e0-dire leur adresse compl\u00e8te&nbsp;;<\/li><li>Les conditions d\u2019admission de leurs membres&nbsp;;<\/li><li>Les droits et les devoirs du comit\u00e9 directeur&nbsp;;&nbsp;<\/li><li>La proc\u00e9dure \u00e0 suivre pour le remplacement d\u2019un ou plusieurs membres du comit\u00e9 directeur emp\u00each\u00e9 en cours de mandat&nbsp;;<\/li><li>Mode d\u2019\u00e9lection de leur comit\u00e9 directeur&nbsp;;<\/li><li>Les motifs et proc\u00e9dures d\u2019expulsion et les sanctions disciplinaires contre les membres;<\/li><li>La fr\u00e9quence minimum des r\u00e9unions ordinaires et extraordinaires de l\u2019Assembl\u00e9e g\u00e9n\u00e9rale et le mode de convocation&nbsp;;<\/li><li>La forme de paiement des cotisations, leur montant, le mode de perception&nbsp;;<\/li><li>La fr\u00e9quence de pr\u00e9sentation du rapport financier \u00e0 l\u2019Assemble G\u00e9n\u00e9rale&nbsp;;<\/li><li>La mani\u00e8re de g\u00e9rer les conflits int\u00e9rieurs&nbsp;;<\/li><li>La dissolution volontaire de l\u2019association et les modalit\u00e9s de liquidation.<\/li><\/ol>\n","protected":false},"excerpt":{"rendered":"<p>Ces informations sont fournies \u00e0 titre indicatif, sous r\u00e9serve de modifications par les institutions concern\u00e9es MINISTERE DE LA CULTURE ET DE LA COMMUNICATION Enregistrement des artistes et organisations culturelles au Minist\u00e8re de la Culture et de la Communication, Direction \u00e0 &hellip; <a href=\"http:\/\/ayitimizik.net\/index.php\/informations-legales\/enregistrement-en-haiti\/\">Continuer la lecture <span class=\"meta-nav\">&rarr;<\/span><\/a><\/p>\n","protected":false},"author":2,"featured_media":0,"parent":772,"menu_order":0,"comment_status":"closed","ping_status":"closed","template":"","meta":[],"_links":{"self":[{"href":"http:\/\/ayitimizik.net\/index.php\/wp-json\/wp\/v2\/pages\/774"}],"collection":[{"href":"http:\/\/ayitimizik.net\/index.php\/wp-json\/wp\/v2\/pages"}],"about":[{"href":"http:\/\/ayitimizik.net\/index.php\/wp-json\/wp\/v2\/types\/page"}],"author":[{"embeddable":true,"href":"http:\/\/ayitimizik.net\/index.php\/wp-json\/wp\/v2\/users\/2"}],"replies":[{"embeddable":true,"href":"http:\/\/ayitimizik.net\/index.php\/wp-json\/wp\/v2\/comments?post=774"}],"version-history":[{"count":5,"href":"http:\/\/ayitimizik.net\/index.php\/wp-json\/wp\/v2\/pages\/774\/revisions"}],"predecessor-version":[{"id":1969,"href":"http:\/\/ayitimizik.net\/index.php\/wp-json\/wp\/v2\/pages\/774\/revisions\/1969"}],"up":[{"embeddable":true,"href":"http:\/\/ayitimizik.net\/index.php\/wp-json\/wp\/v2\/pages\/772"}],"wp:attachment":[{"href":"http:\/\/ayitimizik.net\/index.php\/wp-json\/wp\/v2\/media?parent=774"}],"curies":[{"name":"wp","href":"https:\/\/api.w.org\/{rel}","templated":true}]}}