{"id":1750,"date":"2021-02-12T14:14:14","date_gmt":"2021-02-12T13:14:14","guid":{"rendered":"http:\/\/ayitimizik.net\/?page_id=1750"},"modified":"2021-02-12T21:00:15","modified_gmt":"2021-02-12T20:00:15","slug":"next-beat-export","status":"publish","type":"page","link":"http:\/\/ayitimizik.net\/index.php\/next-beat-export\/","title":{"rendered":"NEXT BEAT EXPORT (2020-2022)"},"content":{"rendered":"\n<figure class=\"wp-block-image\"><img loading=\"lazy\" width=\"934\" height=\"332\" src=\"http:\/\/ayitimizik.net\/wp-content\/uploads\/2021\/02\/Next_Beat_Export-1.jpg\" alt=\"\" class=\"wp-image-1759\" srcset=\"http:\/\/ayitimizik.net\/wp-content\/uploads\/2021\/02\/Next_Beat_Export-1.jpg 934w, http:\/\/ayitimizik.net\/wp-content\/uploads\/2021\/02\/Next_Beat_Export-1-900x320.jpg 900w, http:\/\/ayitimizik.net\/wp-content\/uploads\/2021\/02\/Next_Beat_Export-1-768x273.jpg 768w, http:\/\/ayitimizik.net\/wp-content\/uploads\/2021\/02\/Next_Beat_Export-1-500x178.jpg 500w\" sizes=\"(max-width: 934px) 100vw, 934px\" \/><\/figure>\n\n\n\n<p>B\u00e9n\u00e9ficiaire du programme Action pour le Renforcement des Organisations Culturelles Ha\u00eftiennes (<strong>AROCH<\/strong>), financ\u00e9 par l\u2019<strong>Union europ\u00e9enne<\/strong>, et mis en \u0153uvre par la F<strong>ondation Ha\u00efti Jazz<\/strong> en collaboration avec <strong>Caracoli<\/strong>, <strong>AYITI MIZIK<\/strong> a lanc\u00e9 en septembre 2020 le programme <strong>NEXT BEAT HAITI EXPORT<\/strong>.<\/p>\n\n\n\n<p>Le programme NEXT BEAT HAITI EXPORT est un programme sur deux ans (2020-2022), visant la mise en r\u00e9seau nationale et internationale des professionnels ha\u00eftiens du secteur de la musique.<\/p>\n\n\n\n<p>Dans le cadre de la premi\u00e8re phase du projet, Ayiti Mizik s\u2019est fix\u00e9 comme objectif de participer au renforcement du secteur musical ha\u00eftien, en appuyant la mise en r\u00e9seau des professionnels de la musique (artistes, managers, techniciens) et des secteurs connexes (vid\u00e9o, photo, graphisme) afin d\u2019initier une cha\u00eene de valeur et de comp\u00e9tences. &nbsp;<\/p>\n\n\n\n<p>Plus particuli\u00e8rement, l\u2019objectif de la premi\u00e8re \u00e9tape du projet \u00e9tait de proposer \u00e0 des \u00e9quipes artiste-manager un accompagnement personnalis\u00e9 leur permettant de se perfectionner en terme artistique, technique et de visibilit\u00e9 sur le web.<\/p>\n\n\n\n<p>Ayiti Mizik s\u2019est appuy\u00e9 sur le r\u00e9seau des op\u00e9rateurs oeuvrant dans le secteur musical en Ha\u00efti pour identifier des participants pour ce projet. Les candidatures re\u00e7ues ont ensuite \u00e9t\u00e9 \u00e9valu\u00e9es par un jury compos\u00e9 de professionnels du secteur musical ha\u00eftien et 6 bin\u00f4mes ont \u00e9t\u00e9 s\u00e9lectionn\u00e9s en vertu de la qualit\u00e9 du dossier envoy\u00e9, de leurs exp\u00e9riences et de leur potentiel \u00e0 int\u00e9grer la sc\u00e8ne internationale.<\/p>\n\n\n\n<p>Ayiti Mizik a ensuite fait appel \u00e0 des personnalit\u00e9s du secteur culturel ha\u00eftien ayant une grande exp\u00e9rience de l\u2019international. Tandis que Ga\u00eblle Bien-Aim\u00e9 (actrice, metteur en sc\u00e8ne) a travaill\u00e9 avec chaque artiste sur sa pr\u00e9sence en sc\u00e8ne, Gardy Girault (DJ, compositeur, producteur) a accompagn\u00e9 les bin\u00f4mes sur l\u2019aspect communication web et image. Jo\u00ebl Widma\u00efer (artiste, co-directeur du Festival International de Jazz de Port-au-Prince, ing\u00e9nieur du son) a apport\u00e9 son expertise technique et artistique pour permettre aux b\u00e9n\u00e9ficiaires Next Beat Ha\u00efti Export de r\u00e9pondre aux standards internationaux.&nbsp;<\/p>\n\n\n\n<figure class=\"wp-block-image\"><img loading=\"lazy\" width=\"1024\" height=\"1024\" src=\"http:\/\/ayitimizik.net\/wp-content\/uploads\/2021\/02\/Next_Beat_Export_Groupsolo-1024x1024.jpg\" alt=\"\" class=\"wp-image-1760\" srcset=\"http:\/\/ayitimizik.net\/wp-content\/uploads\/2021\/02\/Next_Beat_Export_Groupsolo-1024x1024.jpg 1024w, http:\/\/ayitimizik.net\/wp-content\/uploads\/2021\/02\/Next_Beat_Export_Groupsolo-150x150.jpg 150w, http:\/\/ayitimizik.net\/wp-content\/uploads\/2021\/02\/Next_Beat_Export_Groupsolo-423x423.jpg 423w, http:\/\/ayitimizik.net\/wp-content\/uploads\/2021\/02\/Next_Beat_Export_Groupsolo-768x768.jpg 768w, http:\/\/ayitimizik.net\/wp-content\/uploads\/2021\/02\/Next_Beat_Export_Groupsolo-300x300.jpg 300w, http:\/\/ayitimizik.net\/wp-content\/uploads\/2021\/02\/Next_Beat_Export_Groupsolo.jpg 1080w\" sizes=\"(max-width: 1024px) 100vw, 1024px\" \/><\/figure>\n\n\n\n<p>Consulter les articles de Next Beat Haiti Export et autres archives des formations organis\u00e9es par Ayiti Mizik <a href=\"http:\/\/ayitimizik.net\/index.php\/category\/formations\/\">ici<\/a><\/p>\n","protected":false},"excerpt":{"rendered":"<p>B\u00e9n\u00e9ficiaire du programme Action pour le Renforcement des Organisations Culturelles Ha\u00eftiennes (AROCH), financ\u00e9 par l\u2019Union europ\u00e9enne, et mis en \u0153uvre par la Fondation Ha\u00efti Jazz en collaboration avec Caracoli, AYITI MIZIK a lanc\u00e9 en septembre 2020 le programme NEXT BEAT &hellip; <a href=\"http:\/\/ayitimizik.net\/index.php\/next-beat-export\/\">Continuer la lecture <span class=\"meta-nav\">&rarr;<\/span><\/a><\/p>\n","protected":false},"author":3,"featured_media":0,"parent":0,"menu_order":0,"comment_status":"closed","ping_status":"closed","template":"","meta":[],"_links":{"self":[{"href":"http:\/\/ayitimizik.net\/index.php\/wp-json\/wp\/v2\/pages\/1750"}],"collection":[{"href":"http:\/\/ayitimizik.net\/index.php\/wp-json\/wp\/v2\/pages"}],"about":[{"href":"http:\/\/ayitimizik.net\/index.php\/wp-json\/wp\/v2\/types\/page"}],"author":[{"embeddable":true,"href":"http:\/\/ayitimizik.net\/index.php\/wp-json\/wp\/v2\/users\/3"}],"replies":[{"embeddable":true,"href":"http:\/\/ayitimizik.net\/index.php\/wp-json\/wp\/v2\/comments?post=1750"}],"version-history":[{"count":5,"href":"http:\/\/ayitimizik.net\/index.php\/wp-json\/wp\/v2\/pages\/1750\/revisions"}],"predecessor-version":[{"id":1770,"href":"http:\/\/ayitimizik.net\/index.php\/wp-json\/wp\/v2\/pages\/1750\/revisions\/1770"}],"wp:attachment":[{"href":"http:\/\/ayitimizik.net\/index.php\/wp-json\/wp\/v2\/media?parent=1750"}],"curies":[{"name":"wp","href":"https:\/\/api.w.org\/{rel}","templated":true}]}}